{"id":113,"date":"2024-08-08T14:33:18","date_gmt":"2024-08-08T14:33:18","guid":{"rendered":"https:\/\/site-llemajkwfb.live-website.com\/?page_id=113"},"modified":"2025-11-12T08:39:47","modified_gmt":"2025-11-12T08:39:47","slug":"impressum","status":"publish","type":"page","link":"https:\/\/ig-control.com\/index.php\/impressum\/","title":{"rendered":"Impressum"},"content":{"rendered":"\t\t<div data-elementor-type=\"wp-page\" data-elementor-id=\"113\" class=\"elementor elementor-113\">\n\t\t\t\t<div class=\"elementor-element elementor-element-55db00d6 e-con-full e-flex e-con e-parent\" data-id=\"55db00d6\" data-element_type=\"container\" data-e-type=\"container\" data-settings=\"{&quot;background_background&quot;:&quot;classic&quot;}\">\n\t\t<div class=\"elementor-element elementor-element-4e4bffee e-con-full e-flex e-con e-child\" data-id=\"4e4bffee\" data-element_type=\"container\" data-e-type=\"container\">\n\t\t<div class=\"elementor-element elementor-element-bda12ee e-con-full e-flex e-con e-child\" data-id=\"bda12ee\" data-element_type=\"container\" data-e-type=\"container\">\n\t\t\t\t<div class=\"elementor-element elementor-element-79382b7b elementor-widget elementor-widget-heading\" data-id=\"79382b7b\" data-element_type=\"widget\" data-e-type=\"widget\" data-widget_type=\"heading.default\">\n\t\t\t\t<div class=\"elementor-widget-container\">\n\t\t\t\t\t<h1 class=\"elementor-heading-title elementor-size-default\">Impressum<\/h1>\t\t\t\t<\/div>\n\t\t\t\t<\/div>\n\t\t\t\t<\/div>\n\t\t\t\t<\/div>\n\t\t\t\t<\/div>\n\t\t<div class=\"elementor-element elementor-element-2e127e8 e-flex e-con-boxed e-con e-parent\" data-id=\"2e127e8\" data-element_type=\"container\" data-e-type=\"container\" data-settings=\"{&quot;background_background&quot;:&quot;classic&quot;}\">\n\t\t\t\t\t<div class=\"e-con-inner\">\n\t\t<div class=\"elementor-element elementor-element-d0691a8 e-con-full e-flex e-con e-child\" data-id=\"d0691a8\" data-element_type=\"container\" data-e-type=\"container\" data-settings=\"{&quot;background_background&quot;:&quot;classic&quot;}\">\n\t\t<div class=\"elementor-element elementor-element-b8888c7 e-con-full e-flex e-con e-child\" data-id=\"b8888c7\" data-element_type=\"container\" data-e-type=\"container\">\n\t\t<div class=\"elementor-element elementor-element-4cb9012 e-con-full e-flex e-con e-child\" data-id=\"4cb9012\" data-element_type=\"container\" data-e-type=\"container\">\n\t\t<div class=\"elementor-element elementor-element-e9128ee e-con-full e-flex e-con e-child\" data-id=\"e9128ee\" data-element_type=\"container\" data-e-type=\"container\" data-settings=\"{&quot;background_background&quot;:&quot;classic&quot;}\">\n\t\t\t\t<div class=\"elementor-element elementor-element-5c5d6c7 elementor-widget__width-initial elementor-widget elementor-widget-heading\" data-id=\"5c5d6c7\" data-element_type=\"widget\" data-e-type=\"widget\" data-widget_type=\"heading.default\">\n\t\t\t\t<div class=\"elementor-widget-container\">\n\t\t\t\t\t<h2 class=\"elementor-heading-title elementor-size-default\">Impressum<\/h2>\t\t\t\t<\/div>\n\t\t\t\t<\/div>\n\t\t\t\t<\/div>\n\t\t\t\t<\/div>\n\t\t<div class=\"elementor-element elementor-element-7041e0c e-con-full e-flex e-con e-child\" data-id=\"7041e0c\" data-element_type=\"container\" data-e-type=\"container\" data-settings=\"{&quot;background_background&quot;:&quot;classic&quot;}\">\n\t\t<div class=\"elementor-element elementor-element-6b9c693 e-con-full e-flex e-con e-child\" data-id=\"6b9c693\" data-element_type=\"container\" data-e-type=\"container\" data-settings=\"{&quot;background_background&quot;:&quot;classic&quot;}\">\n\t\t\t\t<div class=\"elementor-element elementor-element-190fea6 elementor-invisible elementor-widget elementor-widget-text-editor\" data-id=\"190fea6\" data-element_type=\"widget\" data-e-type=\"widget\" data-settings=\"{&quot;_animation&quot;:&quot;fadeIn&quot;}\" data-widget_type=\"text-editor.default\">\n\t\t\t\t<div class=\"elementor-widget-container\">\n\t\t\t\t\t\t\t\t\t<p style=\"font-weight: 400;\">IG control FlexCo<br \/>Dostgasse 17, 1140 Wien<\/p><p>B\u00fcrostandort: Felberstra\u00dfe 80\/1\/3, 1150 Wien<\/p><p style=\"font-weight: 400;\">UID: ATU80747113<br \/>FB: 628532 m<\/p><p style=\"font-weight: 400;\">Kontoverbindung: AT30 2011 1853 5579 0600 | BIC: GIBAATWWXXX<\/p><p><strong>KONTAKT<\/strong><\/p><p>+43\/664\/233 69 22<br \/>giuli@ig-control.at<br \/>www.ig-control.at<\/p><p><strong>NUTZUNGSRECHTE<\/strong><\/p><p>Inhalte, Texte und Grafiken sind Eigentum von IG-Control.<\/p><p>Fotocredits: istockphoto<\/p><p><strong>HAFTUNGSHINWEIS<\/strong><\/p><p>Trotz sorgf\u00e4ltiger Kontrolle \u00fcbernehmen wir keine Haftung f\u00fcr die Inhalte externer Links. F\u00fcr den Inhalt der verlinkten Seiten sind ausschlie\u00dflich deren Betreiber verantwortlich.<\/p>\t\t\t\t\t\t\t\t<\/div>\n\t\t\t\t<\/div>\n\t\t\t\t<\/div>\n\t\t\t\t<\/div>\n\t\t\t\t<\/div>\n\t\t\t\t<\/div>\n\t\t\t\t\t<\/div>\n\t\t\t\t<\/div>\n\t\t\t\t<\/div>\n\t\t","protected":false},"excerpt":{"rendered":"<p>Impressum Impressum IG control FlexCoDostgasse 17, 1140 Wien B\u00fcrostandort: Felberstra\u00dfe 80\/1\/3, 1150 Wien UID: ATU80747113FB: 628532 m Kontoverbindung: AT30 2011 1853 5579 0600 | BIC: GIBAATWWXXX KONTAKT +43\/664\/233 69 22giuli@ig-control.atwww.ig-control.at NUTZUNGSRECHTE Inhalte, Texte und Grafiken sind Eigentum von IG-Control. Fotocredits: istockphoto HAFTUNGSHINWEIS Trotz sorgf\u00e4ltiger Kontrolle \u00fcbernehmen wir keine Haftung f\u00fcr die Inhalte externer Links. F\u00fcr [&hellip;]<\/p>\n","protected":false},"author":2,"featured_media":0,"parent":0,"menu_order":0,"comment_status":"closed","ping_status":"closed","template":"elementor_header_footer","meta":{"footnotes":""},"class_list":["post-113","page","type-page","status-publish","hentry"],"yoast_head":"<!-- This site is optimized with the Yoast SEO plugin v27.4 - https:\/\/yoast.com\/product\/yoast-seo-wordpress\/ -->\n<title>Impressum - IG-control<\/title>\n<meta name=\"description\" content=\"Dieses Impressum enth\u00e4lt alle Informationen \u00fcber die IG-Control GmbH, einschlie\u00dflich der Kontaktdaten, der Gesch\u00e4ftsadresse und der Website.\" \/>\n<meta name=\"robots\" content=\"index, follow, max-snippet:-1, max-image-preview:large, max-video-preview:-1\" \/>\n<link rel=\"canonical\" href=\"https:\/\/ig-control.com\/index.php\/impressum\/\" \/>\n<meta property=\"og:locale\" content=\"de_DE\" \/>\n<meta property=\"og:type\" content=\"article\" \/>\n<meta property=\"og:title\" content=\"Impressum - IG-control\" \/>\n<meta property=\"og:description\" content=\"Dieses Impressum enth\u00e4lt alle Informationen \u00fcber die IG-Control GmbH, einschlie\u00dflich der Kontaktdaten, der Gesch\u00e4ftsadresse und der Website.\" \/>\n<meta property=\"og:url\" content=\"https:\/\/ig-control.com\/index.php\/impressum\/\" \/>\n<meta property=\"og:site_name\" content=\"IG-control\" \/>\n<meta property=\"article:modified_time\" content=\"2025-11-12T08:39:47+00:00\" \/>\n<meta name=\"twitter:card\" content=\"summary_large_image\" \/>\n<meta name=\"twitter:label1\" content=\"Gesch\u00e4tzte Lesezeit\" \/>\n\t<meta name=\"twitter:data1\" content=\"1 Minute\" \/>\n<script type=\"application\/ld+json\" class=\"yoast-schema-graph\">{\"@context\":\"https:\\\/\\\/schema.org\",\"@graph\":[{\"@type\":\"WebPage\",\"@id\":\"https:\\\/\\\/ig-control.com\\\/index.php\\\/impressum\\\/\",\"url\":\"https:\\\/\\\/ig-control.com\\\/index.php\\\/impressum\\\/\",\"name\":\"Impressum - IG-control\",\"isPartOf\":{\"@id\":\"https:\\\/\\\/ig-control.com\\\/#website\"},\"datePublished\":\"2024-08-08T14:33:18+00:00\",\"dateModified\":\"2025-11-12T08:39:47+00:00\",\"description\":\"Dieses Impressum enth\u00e4lt alle Informationen \u00fcber die IG-Control GmbH, einschlie\u00dflich der Kontaktdaten, der Gesch\u00e4ftsadresse und der Website.\",\"breadcrumb\":{\"@id\":\"https:\\\/\\\/ig-control.com\\\/index.php\\\/impressum\\\/#breadcrumb\"},\"inLanguage\":\"de\",\"potentialAction\":[{\"@type\":\"ReadAction\",\"target\":[\"https:\\\/\\\/ig-control.com\\\/index.php\\\/impressum\\\/\"]}]},{\"@type\":\"BreadcrumbList\",\"@id\":\"https:\\\/\\\/ig-control.com\\\/index.php\\\/impressum\\\/#breadcrumb\",\"itemListElement\":[{\"@type\":\"ListItem\",\"position\":1,\"name\":\"Home\",\"item\":\"https:\\\/\\\/ig-control.com\\\/\"},{\"@type\":\"ListItem\",\"position\":2,\"name\":\"Impressum\"}]},{\"@type\":\"WebSite\",\"@id\":\"https:\\\/\\\/ig-control.com\\\/#website\",\"url\":\"https:\\\/\\\/ig-control.com\\\/\",\"name\":\"IG-control\",\"description\":\"Baukoordination weitergedacht\",\"publisher\":{\"@id\":\"https:\\\/\\\/ig-control.com\\\/#organization\"},\"potentialAction\":[{\"@type\":\"SearchAction\",\"target\":{\"@type\":\"EntryPoint\",\"urlTemplate\":\"https:\\\/\\\/ig-control.com\\\/?s={search_term_string}\"},\"query-input\":{\"@type\":\"PropertyValueSpecification\",\"valueRequired\":true,\"valueName\":\"search_term_string\"}}],\"inLanguage\":\"de\"},{\"@type\":\"Organization\",\"@id\":\"https:\\\/\\\/ig-control.com\\\/#organization\",\"name\":\"IG-control\",\"url\":\"https:\\\/\\\/ig-control.com\\\/\",\"logo\":{\"@type\":\"ImageObject\",\"inLanguage\":\"de\",\"@id\":\"https:\\\/\\\/ig-control.com\\\/#\\\/schema\\\/logo\\\/image\\\/\",\"url\":\"https:\\\/\\\/ig-control.com\\\/wp-content\\\/uploads\\\/2024\\\/07\\\/IG-control_logo.webp\",\"contentUrl\":\"https:\\\/\\\/ig-control.com\\\/wp-content\\\/uploads\\\/2024\\\/07\\\/IG-control_logo.webp\",\"width\":578,\"height\":200,\"caption\":\"IG-control\"},\"image\":{\"@id\":\"https:\\\/\\\/ig-control.com\\\/#\\\/schema\\\/logo\\\/image\\\/\"}}]}<\/script>\n<!-- \/ Yoast SEO plugin. -->","yoast_head_json":{"title":"Impressum - IG-control","description":"Dieses Impressum enth\u00e4lt alle Informationen \u00fcber die IG-Control GmbH, einschlie\u00dflich der Kontaktdaten, der Gesch\u00e4ftsadresse und der Website.","robots":{"index":"index","follow":"follow","max-snippet":"max-snippet:-1","max-image-preview":"max-image-preview:large","max-video-preview":"max-video-preview:-1"},"canonical":"https:\/\/ig-control.com\/index.php\/impressum\/","og_locale":"de_DE","og_type":"article","og_title":"Impressum - IG-control","og_description":"Dieses Impressum enth\u00e4lt alle Informationen \u00fcber die IG-Control GmbH, einschlie\u00dflich der Kontaktdaten, der Gesch\u00e4ftsadresse und der Website.","og_url":"https:\/\/ig-control.com\/index.php\/impressum\/","og_site_name":"IG-control","article_modified_time":"2025-11-12T08:39:47+00:00","twitter_card":"summary_large_image","twitter_misc":{"Gesch\u00e4tzte Lesezeit":"1 Minute"},"schema":{"@context":"https:\/\/schema.org","@graph":[{"@type":"WebPage","@id":"https:\/\/ig-control.com\/index.php\/impressum\/","url":"https:\/\/ig-control.com\/index.php\/impressum\/","name":"Impressum - IG-control","isPartOf":{"@id":"https:\/\/ig-control.com\/#website"},"datePublished":"2024-08-08T14:33:18+00:00","dateModified":"2025-11-12T08:39:47+00:00","description":"Dieses Impressum enth\u00e4lt alle Informationen \u00fcber die IG-Control GmbH, einschlie\u00dflich der Kontaktdaten, der Gesch\u00e4ftsadresse und der Website.","breadcrumb":{"@id":"https:\/\/ig-control.com\/index.php\/impressum\/#breadcrumb"},"inLanguage":"de","potentialAction":[{"@type":"ReadAction","target":["https:\/\/ig-control.com\/index.php\/impressum\/"]}]},{"@type":"BreadcrumbList","@id":"https:\/\/ig-control.com\/index.php\/impressum\/#breadcrumb","itemListElement":[{"@type":"ListItem","position":1,"name":"Home","item":"https:\/\/ig-control.com\/"},{"@type":"ListItem","position":2,"name":"Impressum"}]},{"@type":"WebSite","@id":"https:\/\/ig-control.com\/#website","url":"https:\/\/ig-control.com\/","name":"IG-control","description":"Baukoordination weitergedacht","publisher":{"@id":"https:\/\/ig-control.com\/#organization"},"potentialAction":[{"@type":"SearchAction","target":{"@type":"EntryPoint","urlTemplate":"https:\/\/ig-control.com\/?s={search_term_string}"},"query-input":{"@type":"PropertyValueSpecification","valueRequired":true,"valueName":"search_term_string"}}],"inLanguage":"de"},{"@type":"Organization","@id":"https:\/\/ig-control.com\/#organization","name":"IG-control","url":"https:\/\/ig-control.com\/","logo":{"@type":"ImageObject","inLanguage":"de","@id":"https:\/\/ig-control.com\/#\/schema\/logo\/image\/","url":"https:\/\/ig-control.com\/wp-content\/uploads\/2024\/07\/IG-control_logo.webp","contentUrl":"https:\/\/ig-control.com\/wp-content\/uploads\/2024\/07\/IG-control_logo.webp","width":578,"height":200,"caption":"IG-control"},"image":{"@id":"https:\/\/ig-control.com\/#\/schema\/logo\/image\/"}}]}},"_links":{"self":[{"href":"https:\/\/ig-control.com\/index.php\/wp-json\/wp\/v2\/pages\/113","targetHints":{"allow":["GET"]}}],"collection":[{"href":"https:\/\/ig-control.com\/index.php\/wp-json\/wp\/v2\/pages"}],"about":[{"href":"https:\/\/ig-control.com\/index.php\/wp-json\/wp\/v2\/types\/page"}],"author":[{"embeddable":true,"href":"https:\/\/ig-control.com\/index.php\/wp-json\/wp\/v2\/users\/2"}],"replies":[{"embeddable":true,"href":"https:\/\/ig-control.com\/index.php\/wp-json\/wp\/v2\/comments?post=113"}],"version-history":[{"count":19,"href":"https:\/\/ig-control.com\/index.php\/wp-json\/wp\/v2\/pages\/113\/revisions"}],"predecessor-version":[{"id":401,"href":"https:\/\/ig-control.com\/index.php\/wp-json\/wp\/v2\/pages\/113\/revisions\/401"}],"wp:attachment":[{"href":"https:\/\/ig-control.com\/index.php\/wp-json\/wp\/v2\/media?parent=113"}],"curies":[{"name":"wp","href":"https:\/\/api.w.org\/{rel}","templated":true}]}}